{"id":199,"date":"2011-05-30T01:56:26","date_gmt":"2011-05-30T06:56:26","guid":{"rendered":"http:\/\/talossan.org\/?page_id=199"},"modified":"2011-05-30T01:56:26","modified_gmt":"2011-05-30T06:56:26","slug":"the-passive-voice","status":"publish","type":"page","link":"https:\/\/www.talossan.org\/?page_id=199","title":{"rendered":"The Passive Voice"},"content":{"rendered":"<p>The difference between the passive voice and the active voice (in any language, not just Talossan) is whether the subject of the sentence is the agent (&#8220;doer&#8221;) of the verb action, or the object (&#8220;doee&#8221;) of the verb action.<\/p>\n<p>For example, &#8220;the man ate the egg&#8221; is an active voice sentence in which the subject is the man, who is the agent (the &#8220;eater&#8221;), and the egg is the object (the &#8220;eaten&#8221;). By contrast &#8220;the egg was eaten by the man&#8221; is a passive voice sentence, one that relates the same facts, but in this case, the subject is the egg (the &#8220;eaten&#8221;) and the object is the man (the &#8220;eater&#8221;).<\/p>\n<p>In Talossan, the passive voice is formed exactly as it is formed in English, using a form of the verb <em>estarh <\/em>(= to be) followed by the past participle of another verb. For example, <em>l&#8217;uol esteva menxhat par el ci\u00f3vec <\/em>(= the egg was eaten by the man).<\/p>\n<p>Notice also that Talossan puts the object of a passive voice expression (the &#8220;doer&#8221; of the verb) into a prepositional phrase in the same way English does. Notice the similarity of <em>par el ci\u00f3vec <\/em>and the English &#8220;by the man&#8221;.<\/p>\n<p>Note that the admonition against inflecting the past participle for number and gender <u>only<\/u> applies to its use in the perfect aspect. In passive voice constructions, the past participle <u>does<\/u> inflect for gender and number. For example, notice that in <em>la verd\u00f9 f\u00fct menxhada par el ci\u00f3vec <\/em>(= the shark was eaten by the man) and <em>las leituras ischent finischadas <\/em>(= the lectures will be finished), the feminine (<em>menxhada<\/em>) and feminine plural form (<em>finischadas<\/em>) of the past participle were used.<\/p>\n<p>The passive voice can of course be seen with expressions in any aspect and tense. For example, <em>a veneva d&#8217;estarh veidrestada par l\u2019ensegnist\u00e0 <\/em>(= she had just been corrected by the teacher) is a passive voice phrase incorporated with the retrospective aspect in the past tense.<\/p>\n<p><center><a href=\"\/?page_id=596\" onmouseover=\"this.style.cursor='hand'\"><input class=\"inputSubmit\" type=\"button\" value=\"You've Finished This Quick Introduction to Talossan.    Next: See Some Simple Uses...\" onclick=\"window.location='\/?page_id=596'\"><\/a><\/center><\/p>\n","protected":false},"excerpt":{"rendered":"<p>The difference between the passive voice and the active voice (in any language, not just Talossan) is whether the subject of the sentence is the agent (&#8220;doer&#8221;) of the verb action, or the object (&#8220;doee&#8221;) of the verb action. For example, &#8220;the man ate the egg&#8221; is an active voice sentence in which the subject [&hellip;]<\/p>\n","protected":false},"author":1,"featured_media":0,"parent":63,"menu_order":9,"comment_status":"closed","ping_status":"closed","template":"onecolumn-page.php","meta":[],"_links":{"self":[{"href":"https:\/\/www.talossan.org\/index.php?rest_route=\/wp\/v2\/pages\/199"}],"collection":[{"href":"https:\/\/www.talossan.org\/index.php?rest_route=\/wp\/v2\/pages"}],"about":[{"href":"https:\/\/www.talossan.org\/index.php?rest_route=\/wp\/v2\/types\/page"}],"author":[{"embeddable":true,"href":"https:\/\/www.talossan.org\/index.php?rest_route=\/wp\/v2\/users\/1"}],"replies":[{"embeddable":true,"href":"https:\/\/www.talossan.org\/index.php?rest_route=%2Fwp%2Fv2%2Fcomments&post=199"}],"version-history":[{"count":0,"href":"https:\/\/www.talossan.org\/index.php?rest_route=\/wp\/v2\/pages\/199\/revisions"}],"up":[{"embeddable":true,"href":"https:\/\/www.talossan.org\/index.php?rest_route=\/wp\/v2\/pages\/63"}],"wp:attachment":[{"href":"https:\/\/www.talossan.org\/index.php?rest_route=%2Fwp%2Fv2%2Fmedia&parent=199"}],"curies":[{"name":"wp","href":"https:\/\/api.w.org\/{rel}","templated":true}]}}