{"id":633,"date":"2011-06-04T11:46:05","date_gmt":"2011-06-04T16:46:05","guid":{"rendered":"http:\/\/talossan.org\/?page_id=633"},"modified":"2011-06-04T11:46:05","modified_gmt":"2011-06-04T16:46:05","slug":"evolutionary-features","status":"publish","type":"page","link":"https:\/\/www.talossan.org\/?page_id=633","title":{"rendered":"Evolutionary Features"},"content":{"rendered":"<p>Talossan is not your typical everyday planned &#8220;constructed language&#8221;. Rather, Talossan was developed from the ground-up through <span style=\"text-decoration: underline;\">use<\/span> and discovery, not planning and regularity. Almost alone among &#8220;conlangs&#8221;, Talossan therefore has a very natural &#8220;feel&#8221;, affecting the type of language that a typical human society would and could form and adopt, with its quirks, uniquenesses, and oddities as much a part of it as are those of any other human language.<\/p>\n<p>Talossan is more than just a simple mapping of English words onto other letters and sounds. Although its many borrowings from Germanic language features make it perhaps easier for an English-speaker to learn than any of the other Romance languages, Talossan has some definite differences in the way thoughts are formed. While a direct translation of an English (or Spanish or French, etc.) sentence to Talossan word by word may get a new user most of the way to a proper Talossan sentence, the fact is that to speak fluently in Talossan means to &#8220;think&#8221; in Talossan. <i>El glhe\u00fe<\/i> has a number of features, some not seen in English, others seen in English but not in Talossan&#8217;s fellow Romance languages, and still others seen only in Talossan. Here is just a brief overview of some of these features that have developed in Talossan.<\/p>\n<h2>The Suppletive Verbs for &#8220;to have&#8221; and &#8220;to be&#8221;<\/h2>\n<p>Romance languages often distinguish between the attainment of a state (as in &#8220;I have painted&#8221;) and the possession of an object or trait (as in &#8220;I have paint&#8221;). English, as seen in those examples, uses &#8220;to have&#8221; for both purposes. Originally, the distinction was drawn in Latin between verbs that translate to English roughly as &#8220;to have&#8221; and &#8220;to hold&#8221;, and many Romance languages have maintained both verbs; for example, the Spanish verb pair here is <i>haber<\/i> (<i><span style=\"text-decoration: underline;\">he<\/span> pintado<\/i> = &#8220;I have painted&#8221;) and <i>tener<\/i> (<i><span style=\"text-decoration: underline;\">tengo<\/span> pintura<\/i> = &#8220;I have paint&#8221;).<\/p>\n<p>Similarly, many Romance languages make a distinction between a permanent state of being and one that is temporary. For example, to say &#8220;I am human&#8221;, Spanish would use its verb <i>ser<\/i> (<i><span style=\"text-decoration: underline;\">soy<\/span> humano<\/i>), but to say &#8220;I am at the airport&#8221;, it would use the verb <i>estar<\/i> (<i><span style=\"text-decoration: underline;\">estoy<\/span> en el aeropuerto<\/i>).<\/p>\n<p>English, of course, has only the single &#8220;to have&#8221; verb (which is why it is used in both &#8220;I have painted&#8221; and &#8220;I have paint&#8221;) and a single &#8220;to be&#8221; verb (which is why its form &#8220;am&#8221; appears in both &#8220;I am human&#8221; and &#8220;I am at the airport&#8221;). Talossan is more like English in this respect \u2014 the modern Talossan language has only a single &#8220;to have&#8221; verb and a single &#8220;to be&#8221; verb \u2014 this is helpful to the English-speaking learner.<\/p>\n<p>In fact, Talossan in its historic past <span style=\"text-decoration: underline;\">did<\/span> support verbs that distinguished between these various senses, but over time one of the verbs in each pair fell away. In the case of its &#8220;to have&#8221; verb pair, Talossan&#8217;s historic verb <i>\u00feavar\u00eb<\/i> has gone extinct, leaving the surviving verb <i>tirh<\/i> to be used for both meanings. This same merger is actually common as a natural occurrence in other Romance languages \u2014 for example, although Spanish retains its two separate Latin-derived &#8220;to have&#8221; and &#8220;to hold&#8221; verbs, Portuguese (like Talossan) has lost its verb that was originally cognate to Latin&#8217;s &#8220;to hold&#8221;, while French has made the <span style=\"text-decoration: underline;\">other<\/span> choice, using its &#8220;to hold&#8221; verb for both senses and seeing its original &#8220;to have&#8221; verb lapse into extinction.<\/p>\n<p>In the case of the &#8220;to be&#8221; verb pair, Talossan&#8217;s verb <i>estarh<\/i> (which originally was used only to indicate a temporary state of being) has over time come to be used for all senses of &#8220;to be&#8221;, and Talossan&#8217;s other &#8220;to be&#8221; verb (the historic <i>e\u00dfer\u00eb<\/i>, which had been used to indicate a permanent state) became extinct. Just as happens in any other natural language undergoing such a significant merger of verbs, the two Talossan &#8220;to be&#8221; verbs could be said to have &#8220;fought it out&#8221; during the merger. As a result, another very natural evolution occurred. Many of the conjugated forms of the now-lost verb were adopted by the survivor, and this is why <i>estarh<\/i> has some of its particularly surprising irregular forms. For example, you can say either <i>os estevent<\/i> (a regular conjugation of <i>estarh<\/i>) or <i>os f\u00fcvent<\/i> (a conjugation adopted from the extinct verb) and both of these phrases mean &#8220;they were&#8221;. In some conjugations, the forms of <i>e\u00dfer\u00eb<\/i> have even completely displaced the forms of <i>estarh<\/i>. For example, <i>os sint<\/i> means &#8220;they are&#8221;, but the expected form <i>os estent<\/i> is improper.<\/p>\n<h2>Irregularity in Conjugations and Declensions<\/h2>\n<p>The example given above concerning the irregularity of the conjugated forms of <i>estarh<\/i> (= to be) goes to show that Talossan was not planned on paper to force a regularity onto it that is not naturally found in human languages. Every language that has evolved naturally has its idiosyncracies in the forms of its verbs, and if Talossan were to conjugate every verb regularly, it would seem to be a far less real and believable language than it is.<\/p>\n<p>That said, the number of verbs in Talossan that conjugate irregularly is not overwhelming to the learner (there are fewer than two dozen), and yet the list of these verbs (as is to be expected in a natural language) includes some of the most-used verbs. In addition to &#8220;to have&#8221; and &#8220;to be&#8221;, Talossan&#8217;s verbs for &#8220;to know&#8221;, &#8220;to want&#8221;, &#8220;to see&#8221;, and &#8220;to say&#8221; are among those that have some irregular conjugations. As an example, the verb <i>pevarh<\/i> (= to be able to) becomes <i>os povent<\/i> (= they are able to) and <i>os pognhevent<\/i> (= they were able to), rather than taking the expected regular forms <i>os pevent<\/i> and <i>os pevevent<\/i>, respectively. Notice that in this case, English also has irregular forms: &#8220;they can&#8221; and &#8220;they could&#8221;.<\/p>\n<p>In addition to &#8220;natural&#8221; oddities in verb conjugations, Talossan has a very realistic set of plural declensions. Just as in English, in which there are many different ways that a plural is formed (&#8220;house&#8221; becomes &#8220;houses&#8221;, but &#8220;man&#8221; becomes &#8220;men&#8221; and &#8220;tooth&#8221; becomes &#8220;teeth&#8221;, etc.), Talossan words pluralise in different ways, and indeed some words don&#8217;t follow normal rules to form their plural. For example, <i>casa<\/i> (= house) becomes <i>casas<\/i> (= houses) and <i>mes<\/i> (= month) becomes <i>mesen<\/i> (= months) by following normal rules, but <i>caciun<\/i> (= dog) is one of the (thankfully for the learner, very few) words that has an irregular plural form, <i>cician<\/i> (= dogs).<\/p>\n<h2>The Verb of Motion (The Merger of Talossan&#8217;s &#8220;to come&#8221; and &#8220;to go&#8221; Verbs)<\/h2>\n<p>One of the truly unique features of Talossan is the fact that there are no separate verbs to distinguish between &#8220;to come&#8221; and &#8220;to go&#8221;. In the language&#8217;s historic past, this was not the case, but over time, the verb that had meant &#8220;to come&#8221; (<i>vi\u00e9narh<\/i>) took on a different meaning (more about this in a minute), and the verb for &#8220;to go&#8221; (<i>irh<\/i>) began to also be used for &#8220;to come&#8221;, so that it is now called &#8220;the verb of motion&#8221;, and its meaning can be understood in English more as &#8220;to change location&#8221;.<\/p>\n<p>Just as with the merger of the &#8220;to be&#8221; verbs (discussed above), this merger of &#8220;to come&#8221; and &#8220;to go&#8221; came with the adoption of some of the conjugated forms of <i>vi\u00e9narh<\/i> in the use of <i>irh<\/i>. For example, while the future tense forms of &#8220;the verb of motion&#8221; are obviously formed from <i>irh<\/i> (such as <i>os ischent<\/i> = they will come\/go), the past tense conjugations are just as obviously forms that were appropriated during the merger with <i>vi\u00e9narh<\/i> (as seen in <i>os venevent<\/i> = they came\/went).<\/p>\n<p>What happened to <i>vi\u00e9narh<\/i> is interesting and unique. Its meaning shifted subtly (and understandably; that is, naturally, realistically, and believably) from the <span style=\"text-decoration: underline;\">physical<\/span> meaning of &#8220;to come&#8221; (that is &#8220;to approach or to near some place, physically&#8221;) to a more <span style=\"text-decoration: underline;\">temporal<\/span> sense (that is, &#8220;to approach or to near some event, chronologically&#8221;). So while <i>irh<\/i> conveys a sense of motion in space, <i>vi\u00e9narh<\/i> conveys the same sense in time. For example, compare <i>os ischent \u00e0 l&#8217;avendeziun<\/i> (= they will be going [&#8220;moving&#8221;, &#8220;on their way&#8221;] to the dinner [that is, approaching the <span style=\"text-decoration: underline;\">location<\/span> of dinner]) with <i>os venarhent \u00e0 menxharh<\/i> (= they will be <span style=\"text-decoration: underline;\">about to<\/span> eat [that is, approaching the <span style=\"text-decoration: underline;\">time<\/span> of dining]).<\/p>\n<p>As we&#8217;ll see in the next discussion, the ability of <i>irh<\/i> to take &#8220;double duty&#8221; for both &#8220;go&#8221; and &#8220;come&#8221;, allowing for the shift in meaning of <i>vi\u00e9narh<\/i> over time to indicate a &#8220;just about to&#8221; sense, is due at its root to the unique semantic &#8220;strength&#8221; of two very important Talossan prepositions.<\/p>\n<h2>The Significance of Talossan&#8217;s &#8220;to&#8221; and &#8220;from&#8221; Prepositions<\/h2>\n<p>An English speaker may initially wonder how a language can be usable with only a single &#8220;verb of motion&#8221;. How, you may wonder, does one distinguish between the senses of &#8220;to go&#8221; and &#8220;to come&#8221; if there is only one verb to serve both purposes. <!-- Firstly, of course, there is a subtle mind-shift that an English speaker must make to begin \"thinking\" in Talossan; while it may take a while to get one's mind around it, the fact is that in the Talossan thought process, the distinction is not as \"important\" as it is in English.  However, even when de-emphasizing the distinction (and trusting the Talossan-fluent reader or hearer to comprehend your meaning), this still is not enough. While the merger of the verbs indicates that a semantic merger also exists in the Talossan-speaking mind, such that the distinction between \"come\" and \"go\" is perhaps not as important as it is in other languages, --> Yes, distinction quite often must be made to indicate <span style=\"text-decoration: underline;\">which<\/span> sense of motion (&#8220;going&#8221; or &#8220;coming&#8221;) is meant.<\/p>\n<p>The way in which this is done is happily not very surprising. To make the distinction, one would simply employ either the preposition <i>\u00e0<\/i> (= to) or <i>da<\/i> (= from), just as in English. For example, <i>os ischent \u00e0 l&#8217;avendeziun<\/i> (= they will be going [&#8220;moving&#8221;, &#8220;on their way&#8221;] <span style=\"text-decoration: underline;\">to<\/span> the dinner) and <i>os ischent da l&#8217;avendeziun<\/i> (= they will be coming [&#8220;moving&#8221;, &#8220;on their way&#8221;] <span style=\"text-decoration: underline;\">from<\/span> the dinner).<\/p>\n<p>What <span style=\"text-decoration: underline;\">is<\/span> surprising is the &#8220;strength&#8221; of this distinction and the way in which this &#8220;strength&#8221; pervades and affects the entire language. In Talossan, the prepositions <i>\u00e0<\/i> and <i>da<\/i> are used not just to help &#8220;the verb of motion&#8221; distinguish between &#8220;to come&#8221; and &#8220;to go&#8221; but to help <span style=\"text-decoration: underline;\">every<\/span> Talossan verb distinguish between its two opposite meanings. Consider, then, how these prepositions allow <i>vi\u00e9narh<\/i> (which, as we saw, is now the temporal equivalent of <i>irh<\/i>) to convey two different meanings: <i>os venarhent \u00e0 menxharh<\/i> (= they will be just about to eat) and <i>os venarhent da menxharh<\/i> (= they will be just finished eating).<\/p>\n<p>And <i>irh<\/i> and <i>vi\u00e9narh<\/i> are not alone. This same semantic distinction is seen throughout the language in <span style=\"text-decoration: underline;\">all<\/span> compound verb forms. For example, <i>os nece\u00dfent \u00e0 menxharh<\/i> (= they need to eat) and <i>os nece\u00dfent da menxharh<\/i> (= they need to <span style=\"text-decoration: underline;\">not<\/span> eat; that is, they need to avoid eating). This usage of <i>da<\/i> can perhaps be thought of as a shorthand for English phrasing such as, &#8220;they need [to keep] from eating&#8221;. When learning Talossan, the English speaker should keep this unique &#8220;strength&#8221; of the word for &#8220;from&#8221; in mind; while phrases like &#8220;they need from eat&#8221; make little sense in English, in Talossan, they perfectly convey the concept of the <span style=\"text-decoration: underline;\">denial<\/span> of the action of the verb. In English, there is no true concept of an &#8220;opposite&#8221; form of an infinitive, but in Talossan, the &#8220;opposite&#8221; of &#8220;to eat&#8221; can be said to be &#8220;from eat&#8221;.<\/p>\n<h2>More Prepositional &#8220;Strength&#8221;<\/h2>\n<p>As discussed above, the prepositions <i>\u00e0<\/i> and <i>da<\/i> are semantically quite &#8220;strong&#8221; in Talossan. In fact, the entire body of Talossan prepositions is uniquely &#8220;strong&#8221; among Talossan parts of speech.<\/p>\n<p>In fluent speech, a Talossan word will tend to be &#8220;weakened&#8221; at its ending, to enhance flow of speech. For example, when <i>la poarta apneva<\/i> (= the door opened) is spoken, the final <b>-a<\/b> in <i>poarta<\/i> blends naturally into the approaching <b>a<\/b> in <i>apneva<\/i> and you could say that the phrase is actually often heard as <i>la poart&#8217; apneva<\/i>.<\/p>\n<p>However, Talossan prepositions are uniquely &#8220;strong&#8221; in speech, and resist this temptation. Instead of weakening at their ending, Talossan prepositions retain their full value, and force any and all modification to enhance flow of speech either onto the beginning of the <span style=\"text-decoration: underline;\">next<\/span> word, or by adopting a helpful new ending to preserve their full value in speech, and this is often reflected in writing. For example, <i>nece\u00df\u00e9u \u00e0\u00f0 irmudzarh<\/i> (= I need to eat breakfast).<\/p>\n<p>Of course, no rule is 100% solid, and in this case, the exception is a rather important one; the preposition <i>da<\/i> does elide with an approaching verb (becoming <b>d&#8217;<\/b>), although it just as often takes the other approach. That is, both <i>nece\u00df\u00e9u d&#8217;irmudzarh<\/i> and <i>nece\u00df\u00e9u dad irmudzarh<\/i> are proper expressions for &#8220;I need to not eat breakfast&#8221; (that is, &#8220;I need to avoid eating breakfast&#8221;).<\/p>\n<p>This &#8220;strength&#8221; of prepositions is heard in fluent speech, and is most evident in writing in prepositional phrases involving pronouns, where its indication is required. Notice how the &#8220;strength&#8221; of the preposition <i>\u00e0<\/i> forces the consonant at the beginning of the pronoun <i>me<\/i> to &#8220;mutate&#8221; (and take on the sound of a letter <b>v<\/b>) in the prepositional phrase <i>\u00e0 mhe<\/i> (= to me). Compare this to a preposition that &#8220;flows&#8221; in speech into an approaching letter <b>m<\/b> without any change in either of the sounds required: <i>sanc me<\/i> (= without me). Even the ability of <i>da<\/i> to &#8220;break&#8221; this rule is denied when one particular pronoun is involved: <i>dad \u00fcns<\/i> is proper for &#8220;from us&#8221;, while <i>d&#8217;\u00fcns<\/i> is improper. (However, both <i>d&#8217;eia<\/i> and <i>dad eia<\/i> are seen for &#8220;from her&#8221;.)<\/p>\n<p>Getting used to the &#8220;strength&#8221; of the Talossan preposition (in both meaning and speech), and especially to the reflection in the written word of its effect on the pronouns it introduces, is one key to becoming a more proficient user of Talossan.<\/p>\n<h2>Talossan&#8217;s &#8220;Group&#8221; Mindset<\/h2>\n<p>Unique among Romance languages, Talossan has undergone a merger very uncharacteristic for such a language, and that is the combination of the conjugated forms used for first- and third-person plural subjects.<\/p>\n<p>While in its historic past, Talossan had separate forms \u2014 for example, <i>parleux<\/i> was &#8220;we are talking&#8221; while <i>parlent<\/i> was &#8220;they are talking&#8221; \u2014 over time, the <b>-eux<\/b> conjugation fell away and both senses are now conjugated using the <b>-ent<\/b> ending. That is, the word <i>parlent<\/i> is used for both &#8220;we talk&#8221; and &#8220;they talk&#8221;. This may actually seem stranger to someone familiar with Romance languages than it does to an English speaker, since in English, a great many subjects share conjugated forms: consider how both &#8220;we talk&#8221; and &#8220;they talk&#8221; use the same form of the verb and require the subject to be made explicit.<\/p>\n<p>This same distinction, then, would be necessary in Talossan: <i>noi parlent<\/i> (= we talk) and <i>os parlent<\/i> (= they talk). However, despite this merger, Talossan still retains the Romance trait that the conjugation of a verb is almost always sufficient to supply information concerning the subject. That is, <i>parl\u00e9u<\/i> is just as obviously &#8220;I talk&#8221; as is the same statement with the pronoun made explicit: <i>\u00e9u parl\u00e9u<\/i>. In English, pronouns are almost always used, even when the conjugation might seem to make it unnecessary (for example, you would say &#8220;I am&#8221;, rather than simply &#8220;am&#8221;). In Talossan and other Romance languages, though, verbs are very often left alone to express the subject, and you will therefore see <i>parlent<\/i> used without supplying <i>noi<\/i> (= we) or <i>os<\/i> (= they) to make the subject explicit. The fact that the two conjugated forms have merged is evidence that in the Talossan mind, you might say that the concept &#8220;the group&#8221; is the more important semantic aspect being communicated, and whether the group does (&#8220;we&#8221;) or does not (&#8220;they&#8221;) include the speaker is somehow tangential. This is another unique oddity to &#8220;thinking in Talossan&#8221;, and to not &#8220;feel the need&#8221; for the group subject to be conveyed in a sentence like <i>te burlescarhent<\/i> (= some group [perhaps including me, perhaps not] will laugh at you) is an important adjustment to make when becoming fluent in Talossan. [Notice how English can convey a similar meaning, in this case by casting the sentence into the passive voice and omitting the agent: &#8220;you will be laughed at&#8221; (with the person or persons doing the mocking left unspecified).]<\/p>\n<p><center><a href=\"\/?page_id=48\"><input class=\"inputSubmit\" type=\"button\" value=\"Next: Learn the Talossan Alphabet...\" \/><\/a><\/center><\/p>\n","protected":false},"excerpt":{"rendered":"<p>Talossan is not your typical everyday planned &#8220;constructed language&#8221;. Rather, Talossan was developed from the ground-up through use and discovery, not planning and regularity. Almost alone among &#8220;conlangs&#8221;, Talossan therefore has a very natural &#8220;feel&#8221;, affecting the type of language that a typical human society would and could form and adopt, with its quirks, uniquenesses, [&hellip;]<\/p>\n","protected":false},"author":1,"featured_media":0,"parent":238,"menu_order":3,"comment_status":"closed","ping_status":"closed","template":"onecolumn-page.php","meta":[],"_links":{"self":[{"href":"https:\/\/www.talossan.org\/index.php?rest_route=\/wp\/v2\/pages\/633"}],"collection":[{"href":"https:\/\/www.talossan.org\/index.php?rest_route=\/wp\/v2\/pages"}],"about":[{"href":"https:\/\/www.talossan.org\/index.php?rest_route=\/wp\/v2\/types\/page"}],"author":[{"embeddable":true,"href":"https:\/\/www.talossan.org\/index.php?rest_route=\/wp\/v2\/users\/1"}],"replies":[{"embeddable":true,"href":"https:\/\/www.talossan.org\/index.php?rest_route=%2Fwp%2Fv2%2Fcomments&post=633"}],"version-history":[{"count":0,"href":"https:\/\/www.talossan.org\/index.php?rest_route=\/wp\/v2\/pages\/633\/revisions"}],"up":[{"embeddable":true,"href":"https:\/\/www.talossan.org\/index.php?rest_route=\/wp\/v2\/pages\/238"}],"wp:attachment":[{"href":"https:\/\/www.talossan.org\/index.php?rest_route=%2Fwp%2Fv2%2Fmedia&parent=633"}],"curies":[{"name":"wp","href":"https:\/\/api.w.org\/{rel}","templated":true}]}}